{"id":7,"date":"2024-03-26T13:54:09","date_gmt":"2024-03-26T13:54:09","guid":{"rendered":"https:\/\/cura-med.de.168-119-75-70.vorschau.marketing-thom.de\/?page_id=7"},"modified":"2024-03-26T14:02:59","modified_gmt":"2024-03-26T14:02:59","slug":"elementor-7","status":"publish","type":"page","link":"https:\/\/www.cura-med.de\/","title":{"rendered":"Cura-Med S\u00fcd-Warndt Zentrum GmbH"},"content":{"rendered":"\t\t<div data-elementor-type=\"wp-post\" data-elementor-id=\"7\" class=\"elementor elementor-7\">\n\t\t\t\t<div class=\"elementor-element elementor-element-0002058 e-flex e-con-boxed e-con e-parent\" data-id=\"0002058\" data-element_type=\"container\" data-e-type=\"container\">\n\t\t\t\t\t<div class=\"e-con-inner\">\n\t\t\t\t<div class=\"elementor-element elementor-element-04eb364 elementor-widget elementor-widget-image\" data-id=\"04eb364\" data-element_type=\"widget\" data-e-type=\"widget\" data-widget_type=\"image.default\">\n\t\t\t\t<div class=\"elementor-widget-container\">\n\t\t\t\t\t\t\t\t\t\t\t\t\t\t\t<img decoding=\"async\" width=\"151\" height=\"198\" src=\"https:\/\/www.cura-med.de\/wp-content\/uploads\/2024\/03\/logo.png\" class=\"attachment-large size-large wp-image-9\" alt=\"\" \/>\t\t\t\t\t\t\t\t\t\t\t\t\t\t\t<\/div>\n\t\t\t\t<\/div>\n\t\t\t\t<div class=\"elementor-element elementor-element-848b8d5 elementor-widget elementor-widget-image\" data-id=\"848b8d5\" data-element_type=\"widget\" data-e-type=\"widget\" data-widget_type=\"image.default\">\n\t\t\t\t<div class=\"elementor-widget-container\">\n\t\t\t\t\t\t\t\t\t\t\t\t\t\t\t<img fetchpriority=\"high\" decoding=\"async\" width=\"800\" height=\"533\" src=\"https:\/\/www.cura-med.de\/wp-content\/uploads\/2024\/03\/5d3-0679.jpg\" class=\"attachment-large size-large wp-image-10\" alt=\"\" srcset=\"https:\/\/www.cura-med.de\/wp-content\/uploads\/2024\/03\/5d3-0679.jpg 900w, https:\/\/www.cura-med.de\/wp-content\/uploads\/2024\/03\/5d3-0679-300x200.jpg 300w, https:\/\/www.cura-med.de\/wp-content\/uploads\/2024\/03\/5d3-0679-768x512.jpg 768w\" sizes=\"(max-width: 800px) 100vw, 800px\" \/>\t\t\t\t\t\t\t\t\t\t\t\t\t\t\t<\/div>\n\t\t\t\t<\/div>\n\t\t\t\t<div class=\"elementor-element elementor-element-e0d8c2f elementor-widget elementor-widget-text-editor\" data-id=\"e0d8c2f\" data-element_type=\"widget\" data-e-type=\"widget\" data-widget_type=\"text-editor.default\">\n\t\t\t\t<div class=\"elementor-widget-container\">\n\t\t\t\t\t\t\t\t\t<p style=\"text-align: center;\"><strong>Cura-Med S\u00fcd-Warndt Zentrum GmbH<\/strong><\/p><p style=\"text-align: center;\"><strong>Zentren f\u00fcr neurologische Langzeitrehabilitation Phase F, au\u00dferklinische Beatmung und Intensivpflege<\/strong><\/p><p style=\"text-align: center;\">Fr\u00f6belweg 3<br \/>D-66352 Gro\u00dfrosseln<\/p><p style=\"text-align: center;\">B\u00fcrozeiten der Verwaltung:<br \/>Mo &#8211; Fr: 08:00 &#8211; 12:00 Uhr<br \/>Mo &#8211; Do: 13:00 &#8211; 16:00 Uhr, Fr bis 15:00 Uhr<\/p><p style=\"text-align: center;\">Tel.: 06809 \/ 99 71 &#8211; 0<br \/>Fax: 06809 \/ 99 71 &#8211; 29<br \/>eMail:\u00a0<a href=\"mailto:info@cura-med.de\">info@cura-med.de<\/a><br \/>Web: www.cura-med.de<\/p><p style=\"text-align: center;\">Gesch\u00e4ftsf\u00fchrung: Ehel. Oliver und Susanne Schmidt<br \/>Handelsregister-Nr.: HRB 10 69 32 Amtsgericht Saarbr\u00fccken<\/p><p style=\"text-align: center;\">Die Berufshaftpflichtversicherung sowie die \u00c4rzteversicherung sind eingedeckt bei:<br \/>R+V Allgemeine Versicherung AG<br \/>Raiffeisenplatz 1, 65189 Wiesbaden<\/p><p style=\"text-align: center;\">Versicherungsnummer: 40 52 90 24 49 07 26<br \/>R\u00e4umlicher Geltungsbereich: Cura-Med S\u00fcd-Warndt Zentrum GmbH, <br \/>Fr\u00f6belweg 3, 66352 Gro\u00dfrosseln<\/p>\t\t\t\t\t\t\t\t<\/div>\n\t\t\t\t<\/div>\n\t\t\t\t\t<\/div>\n\t\t\t\t<\/div>\n\t\t<div class=\"elementor-element elementor-element-28ee560 e-flex e-con-boxed e-con e-parent\" data-id=\"28ee560\" data-element_type=\"container\" data-e-type=\"container\">\n\t\t\t\t\t<div class=\"e-con-inner\">\n\t\t\t\t<div class=\"elementor-element elementor-element-f991a06 elementor-widget elementor-widget-google_maps\" data-id=\"f991a06\" data-element_type=\"widget\" data-e-type=\"widget\" data-widget_type=\"google_maps.default\">\n\t\t\t\t<div class=\"elementor-widget-container\">\n\t\t\t\t\t\t\t<div class=\"elementor-custom-embed\">\n\t\t\t<iframe loading=\"lazy\"\n\t\t\t\t\tsrc=\"https:\/\/maps.google.com\/maps?q=cura%20med&#038;t=m&#038;z=13&#038;output=embed&#038;iwloc=near\"\n\t\t\t\t\ttitle=\"cura med\"\n\t\t\t\t\taria-label=\"cura med\"\n\t\t\t><\/iframe>\n\t\t<\/div>\n\t\t\t\t\t\t<\/div>\n\t\t\t\t<\/div>\n\t\t\t\t\t<\/div>\n\t\t\t\t<\/div>\n\t\t<div class=\"elementor-element elementor-element-e9d6de1 e-flex e-con-boxed e-con e-parent\" data-id=\"e9d6de1\" data-element_type=\"container\" data-e-type=\"container\">\n\t\t\t\t\t<div class=\"e-con-inner\">\n\t\t\t\t<div class=\"elementor-element elementor-element-cab7776 elementor-widget elementor-widget-heading\" data-id=\"cab7776\" data-element_type=\"widget\" data-e-type=\"widget\" data-widget_type=\"heading.default\">\n\t\t\t\t<div class=\"elementor-widget-container\">\n\t\t\t\t\t<h2 class=\"elementor-heading-title elementor-size-default\">ACHTUNG! Unsere Webseite wird aktuell \u00fcberarbeitet.<br>\nSchauen Sie doch in ein paar Tagen nochmal vorbei.<\/h2>\t\t\t\t<\/div>\n\t\t\t\t<\/div>\n\t\t\t\t\t<\/div>\n\t\t\t\t<\/div>\n\t\t\t\t<\/div>\n\t\t","protected":false},"excerpt":{"rendered":"<p>Cura-Med S\u00fcd-Warndt Zentrum GmbH Zentren f\u00fcr neurologische Langzeitrehabilitation Phase F, au\u00dferklinische Beatmung und Intensivpflege Fr\u00f6belweg 3D-66352 Gro\u00dfrosseln B\u00fcrozeiten der Verwaltung:Mo &#8211; Fr: 08:00 &#8211; 12:00 UhrMo &#8211; Do: 13:00 &#8211; 16:00 Uhr, Fr bis 15:00 Uhr Tel.: 06809 \/ 99 71 &#8211; 0Fax: 06809 \/ 99 71 &#8211; 29eMail:\u00a0info@cura-med.deWeb: www.cura-med.de Gesch\u00e4ftsf\u00fchrung: Ehel. Oliver und Susanne [&hellip;]<\/p>\n","protected":false},"author":1,"featured_media":0,"parent":0,"menu_order":0,"comment_status":"closed","ping_status":"closed","template":"elementor_theme","meta":{"footnotes":""},"class_list":["post-7","page","type-page","status-publish","hentry"],"_links":{"self":[{"href":"https:\/\/www.cura-med.de\/index.php?rest_route=\/wp\/v2\/pages\/7","targetHints":{"allow":["GET"]}}],"collection":[{"href":"https:\/\/www.cura-med.de\/index.php?rest_route=\/wp\/v2\/pages"}],"about":[{"href":"https:\/\/www.cura-med.de\/index.php?rest_route=\/wp\/v2\/types\/page"}],"author":[{"embeddable":true,"href":"https:\/\/www.cura-med.de\/index.php?rest_route=\/wp\/v2\/users\/1"}],"replies":[{"embeddable":true,"href":"https:\/\/www.cura-med.de\/index.php?rest_route=%2Fwp%2Fv2%2Fcomments&post=7"}],"version-history":[{"count":20,"href":"https:\/\/www.cura-med.de\/index.php?rest_route=\/wp\/v2\/pages\/7\/revisions"}],"predecessor-version":[{"id":41,"href":"https:\/\/www.cura-med.de\/index.php?rest_route=\/wp\/v2\/pages\/7\/revisions\/41"}],"wp:attachment":[{"href":"https:\/\/www.cura-med.de\/index.php?rest_route=%2Fwp%2Fv2%2Fmedia&parent=7"}],"curies":[{"name":"wp","href":"https:\/\/api.w.org\/{rel}","templated":true}]}}